{"id":4,"date":"2013-11-16T13:32:20","date_gmt":"2013-11-16T13:32:20","guid":{"rendered":"https:\/\/www.sumplastecnic.es\/plasticos-personalizados\/?page_id=4"},"modified":"2021-01-12T12:07:58","modified_gmt":"2021-01-12T12:07:58","slug":"ejemplo","status":"publish","type":"page","link":"https:\/\/www.sumplastecnic.es\/plasticos-personalizados\/ejemplo\/","title":{"rendered":"INDUSTRIA"},"content":{"rendered":"\t\t<div data-elementor-type=\"wp-page\" data-elementor-id=\"4\" class=\"elementor elementor-4\" data-elementor-post-type=\"page\">\n\t\t\t\t\t\t<section class=\"elementor-section elementor-top-section elementor-element elementor-element-6e897afc elementor-section-full_width elementor-section-height-default elementor-section-height-default\" data-id=\"6e897afc\" data-element_type=\"section\" data-e-type=\"section\">\n\t\t\t\t\t\t<div class=\"elementor-container elementor-column-gap-default\">\n\t\t\t\t\t<div class=\"elementor-column elementor-col-100 elementor-top-column elementor-element elementor-element-50b768e8\" data-id=\"50b768e8\" data-element_type=\"column\" data-e-type=\"column\">\n\t\t\t<div class=\"elementor-widget-wrap elementor-element-populated\">\n\t\t\t\t\t\t<div class=\"elementor-element elementor-element-64b66c33 elementor-widget elementor-widget-text-editor\" data-id=\"64b66c33\" data-element_type=\"widget\" data-e-type=\"widget\" data-widget_type=\"text-editor.default\">\n\t\t\t\t<div class=\"elementor-widget-container\">\n\t\t\t\t\t\t\t\t\t<h2>\u00a0<\/h2><p style=\"text-align: center;\"><img fetchpriority=\"high\" decoding=\"async\" class=\"wp-image-415\" src=\"https:\/\/www.sumplastecnic.es\/plasticos-personalizados\/wp-content\/uploads\/2013\/11\/250120113642.jpg\" alt=\"250120113642\" width=\"480\" height=\"360\" srcset=\"https:\/\/www.sumplastecnic.es\/plasticos-personalizados\/wp-content\/uploads\/2013\/11\/250120113642.jpg 800w, https:\/\/www.sumplastecnic.es\/plasticos-personalizados\/wp-content\/uploads\/2013\/11\/250120113642-300x225.jpg 300w, https:\/\/www.sumplastecnic.es\/plasticos-personalizados\/wp-content\/uploads\/2013\/11\/250120113642-680x510.jpg 680w\" sizes=\"(max-width: 480px) 100vw, 480px\" \/><\/p><p>\u00a0<\/p>\t\t\t\t\t\t\t\t<\/div>\n\t\t\t\t<\/div>\n\t\t\t\t\t<\/div>\n\t\t<\/div>\n\t\t\t\t\t<\/div>\n\t\t<\/section>\n\t\t\t\t<section class=\"elementor-section elementor-top-section elementor-element elementor-element-0f84fb0 elementor-section-boxed elementor-section-height-default elementor-section-height-default\" data-id=\"0f84fb0\" data-element_type=\"section\" data-e-type=\"section\">\n\t\t\t\t\t\t<div class=\"elementor-container elementor-column-gap-default\">\n\t\t\t\t\t<div class=\"elementor-column elementor-col-100 elementor-top-column elementor-element elementor-element-e9b8ffe\" data-id=\"e9b8ffe\" data-element_type=\"column\" data-e-type=\"column\">\n\t\t\t<div class=\"elementor-widget-wrap elementor-element-populated\">\n\t\t\t\t\t\t<div class=\"elementor-element elementor-element-cc202c5 elementor-widget elementor-widget-text-editor\" data-id=\"cc202c5\" data-element_type=\"widget\" data-e-type=\"widget\" data-widget_type=\"text-editor.default\">\n\t\t\t\t<div class=\"elementor-widget-container\">\n\t\t\t\t\t\t\t\t\t<p>Los materiales pl\u00e1sticos en industria tienen multitud de usos gracias a:<\/p><ul><li>Ligereza<\/li><li>Resistencia a la humedad y al agua<\/li><li>No se abolla<\/li><li>F\u00e1cil de limpiar<\/li><li>Transparencia<\/li><li>Resistencia al impacto<\/li><li>Posibilidades de Manipulaci\u00f3n<\/li><li>Resistencia a los agentes qu\u00edmicos<\/li><li>Muchos son aptos para uso con alimentario sin necesidad de tratamientos<\/li><\/ul>\t\t\t\t\t\t\t\t<\/div>\n\t\t\t\t<\/div>\n\t\t\t\t\t<\/div>\n\t\t<\/div>\n\t\t\t\t\t<\/div>\n\t\t<\/section>\n\t\t\t\t<section class=\"elementor-section elementor-top-section elementor-element elementor-element-9935277 elementor-section-boxed elementor-section-height-default elementor-section-height-default\" data-id=\"9935277\" data-element_type=\"section\" data-e-type=\"section\">\n\t\t\t\t\t\t<div class=\"elementor-container elementor-column-gap-default\">\n\t\t\t\t\t<div class=\"elementor-column elementor-col-100 elementor-top-column elementor-element elementor-element-02c5d8a\" data-id=\"02c5d8a\" data-element_type=\"column\" data-e-type=\"column\">\n\t\t\t<div class=\"elementor-widget-wrap elementor-element-populated\">\n\t\t\t\t\t\t<div class=\"elementor-element elementor-element-4b201da elementor-widget elementor-widget-spacer\" data-id=\"4b201da\" data-element_type=\"widget\" data-e-type=\"widget\" data-widget_type=\"spacer.default\">\n\t\t\t\t<div class=\"elementor-widget-container\">\n\t\t\t\t\t\t\t<div class=\"elementor-spacer\">\n\t\t\t<div class=\"elementor-spacer-inner\"><\/div>\n\t\t<\/div>\n\t\t\t\t\t\t<\/div>\n\t\t\t\t<\/div>\n\t\t\t\t\t<\/div>\n\t\t<\/div>\n\t\t\t\t\t<\/div>\n\t\t<\/section>\n\t\t\t\t<\/div>\n\t\t","protected":false},"excerpt":{"rendered":"<p>\u00a0 \u00a0 Los materiales pl\u00e1sticos en industria tienen multitud de usos gracias a: Ligereza Resistencia a la humedad y al agua No se abolla F\u00e1cil de limpiar Transparencia Resistencia al impacto Posibilidades de Manipulaci\u00f3n Resistencia a los agentes qu\u00edmicos Muchos son aptos para uso con alimentario sin necesidad de tratamientos<\/p>\n","protected":false},"author":2,"featured_media":0,"parent":0,"menu_order":0,"comment_status":"closed","ping_status":"closed","template":"elementor_header_footer","meta":{"site-sidebar-layout":"default","site-content-layout":"default","ast-site-content-layout":"default","site-content-style":"default","site-sidebar-style":"default","ast-global-header-display":"","ast-banner-title-visibility":"","ast-main-header-display":"","ast-hfb-above-header-display":"","ast-hfb-below-header-display":"","ast-hfb-mobile-header-display":"","site-post-title":"","ast-breadcrumbs-content":"","ast-featured-img":"","footer-sml-layout":"","ast-disable-related-posts":"","theme-transparent-header-meta":"default","adv-header-id-meta":"","stick-header-meta":"","header-above-stick-meta":"","header-main-stick-meta":"","header-below-stick-meta":"","astra-migrate-meta-layouts":"default","ast-page-background-enabled":"default","ast-page-background-meta":{"desktop":{"background-color":"","background-image":"","background-repeat":"repeat","background-position":"center center","background-size":"auto","background-attachment":"scroll","background-type":"","background-media":"","overlay-type":"","overlay-color":"","overlay-opacity":"","overlay-gradient":""},"tablet":{"background-color":"","background-image":"","background-repeat":"repeat","background-position":"center center","background-size":"auto","background-attachment":"scroll","background-type":"","background-media":"","overlay-type":"","overlay-color":"","overlay-opacity":"","overlay-gradient":""},"mobile":{"background-color":"","background-image":"","background-repeat":"repeat","background-position":"center center","background-size":"auto","background-attachment":"scroll","background-type":"","background-media":"","overlay-type":"","overlay-color":"","overlay-opacity":"","overlay-gradient":""}},"ast-content-background-meta":{"desktop":{"background-color":"var(--ast-global-color-5)","background-image":"","background-repeat":"repeat","background-position":"center center","background-size":"auto","background-attachment":"scroll","background-type":"","background-media":"","overlay-type":"","overlay-color":"","overlay-opacity":"","overlay-gradient":""},"tablet":{"background-color":"var(--ast-global-color-5)","background-image":"","background-repeat":"repeat","background-position":"center center","background-size":"auto","background-attachment":"scroll","background-type":"","background-media":"","overlay-type":"","overlay-color":"","overlay-opacity":"","overlay-gradient":""},"mobile":{"background-color":"var(--ast-global-color-5)","background-image":"","background-repeat":"repeat","background-position":"center center","background-size":"auto","background-attachment":"scroll","background-type":"","background-media":"","overlay-type":"","overlay-color":"","overlay-opacity":"","overlay-gradient":""}},"footnotes":""},"class_list":["post-4","page","type-page","status-publish","hentry"],"_links":{"self":[{"href":"https:\/\/www.sumplastecnic.es\/plasticos-personalizados\/wp-json\/wp\/v2\/pages\/4","targetHints":{"allow":["GET"]}}],"collection":[{"href":"https:\/\/www.sumplastecnic.es\/plasticos-personalizados\/wp-json\/wp\/v2\/pages"}],"about":[{"href":"https:\/\/www.sumplastecnic.es\/plasticos-personalizados\/wp-json\/wp\/v2\/types\/page"}],"author":[{"embeddable":true,"href":"https:\/\/www.sumplastecnic.es\/plasticos-personalizados\/wp-json\/wp\/v2\/users\/2"}],"replies":[{"embeddable":true,"href":"https:\/\/www.sumplastecnic.es\/plasticos-personalizados\/wp-json\/wp\/v2\/comments?post=4"}],"version-history":[{"count":14,"href":"https:\/\/www.sumplastecnic.es\/plasticos-personalizados\/wp-json\/wp\/v2\/pages\/4\/revisions"}],"predecessor-version":[{"id":1949,"href":"https:\/\/www.sumplastecnic.es\/plasticos-personalizados\/wp-json\/wp\/v2\/pages\/4\/revisions\/1949"}],"wp:attachment":[{"href":"https:\/\/www.sumplastecnic.es\/plasticos-personalizados\/wp-json\/wp\/v2\/media?parent=4"}],"curies":[{"name":"wp","href":"https:\/\/api.w.org\/{rel}","templated":true}]}}