{"id":189,"date":"2013-12-07T10:47:25","date_gmt":"2013-12-07T10:47:25","guid":{"rendered":"https:\/\/www.sumplastecnic.es\/plasticos-personalizados\/?page_id=189"},"modified":"2021-01-12T10:36:10","modified_gmt":"2021-01-12T10:36:10","slug":"materiales-1","status":"publish","type":"page","link":"https:\/\/www.sumplastecnic.es\/plasticos-personalizados\/materiales-1\/","title":{"rendered":"MATERIALES"},"content":{"rendered":"\t\t<div data-elementor-type=\"wp-page\" data-elementor-id=\"189\" class=\"elementor elementor-189\" data-elementor-post-type=\"page\">\n\t\t\t\t\t\t<section class=\"elementor-section elementor-top-section elementor-element elementor-element-19eeb13 elementor-section-full_width elementor-section-height-default elementor-section-height-default\" data-id=\"19eeb13\" data-element_type=\"section\" data-e-type=\"section\">\n\t\t\t\t\t\t<div class=\"elementor-container elementor-column-gap-default\">\n\t\t\t\t\t<div class=\"elementor-column elementor-col-100 elementor-top-column elementor-element elementor-element-11c5652\" data-id=\"11c5652\" data-element_type=\"column\" data-e-type=\"column\">\n\t\t\t<div class=\"elementor-widget-wrap elementor-element-populated\">\n\t\t\t\t\t\t<div class=\"elementor-element elementor-element-4696f29 elementor-widget elementor-widget-image\" data-id=\"4696f29\" data-element_type=\"widget\" data-e-type=\"widget\" data-widget_type=\"image.default\">\n\t\t\t\t<div class=\"elementor-widget-container\">\n\t\t\t\t\t\t\t\t\t\t\t\t\t\t\t<img fetchpriority=\"high\" decoding=\"async\" width=\"940\" height=\"380\" src=\"https:\/\/www.sumplastecnic.es\/plasticos-personalizados\/wp-content\/uploads\/2021\/01\/METACRILATO-MANIPULACION.jpg\" class=\"attachment-large size-large wp-image-1882\" alt=\"\" srcset=\"https:\/\/www.sumplastecnic.es\/plasticos-personalizados\/wp-content\/uploads\/2021\/01\/METACRILATO-MANIPULACION.jpg 940w, https:\/\/www.sumplastecnic.es\/plasticos-personalizados\/wp-content\/uploads\/2021\/01\/METACRILATO-MANIPULACION-300x121.jpg 300w, https:\/\/www.sumplastecnic.es\/plasticos-personalizados\/wp-content\/uploads\/2021\/01\/METACRILATO-MANIPULACION-768x310.jpg 768w\" sizes=\"(max-width: 940px) 100vw, 940px\" \/>\t\t\t\t\t\t\t\t\t\t\t\t\t\t\t<\/div>\n\t\t\t\t<\/div>\n\t\t\t\t\t<\/div>\n\t\t<\/div>\n\t\t\t\t\t<\/div>\n\t\t<\/section>\n\t\t\t\t<section class=\"elementor-section elementor-top-section elementor-element elementor-element-c62cfb6 elementor-section-full_width elementor-section-height-default elementor-section-height-default\" data-id=\"c62cfb6\" data-element_type=\"section\" data-e-type=\"section\">\n\t\t\t\t\t\t<div class=\"elementor-container elementor-column-gap-default\">\n\t\t\t\t\t<div class=\"elementor-column elementor-col-100 elementor-top-column elementor-element elementor-element-9f91f48\" data-id=\"9f91f48\" data-element_type=\"column\" data-e-type=\"column\">\n\t\t\t<div class=\"elementor-widget-wrap elementor-element-populated\">\n\t\t\t\t\t\t<div class=\"elementor-element elementor-element-352458d elementor-widget elementor-widget-heading\" data-id=\"352458d\" data-element_type=\"widget\" data-e-type=\"widget\" data-widget_type=\"heading.default\">\n\t\t\t\t<div class=\"elementor-widget-container\">\n\t\t\t\t\t<h2 class=\"elementor-heading-title elementor-size-default\">MATERIA PL\u00c1STICA<\/h2>\t\t\t\t<\/div>\n\t\t\t\t<\/div>\n\t\t\t\t\t<\/div>\n\t\t<\/div>\n\t\t\t\t\t<\/div>\n\t\t<\/section>\n\t\t\t\t<section class=\"elementor-section elementor-top-section elementor-element elementor-element-fea8915 elementor-section-boxed elementor-section-height-default elementor-section-height-default\" data-id=\"fea8915\" data-element_type=\"section\" data-e-type=\"section\">\n\t\t\t\t\t\t<div class=\"elementor-container elementor-column-gap-default\">\n\t\t\t\t\t<div class=\"elementor-column elementor-col-100 elementor-top-column elementor-element elementor-element-9b20b1a\" data-id=\"9b20b1a\" data-element_type=\"column\" data-e-type=\"column\">\n\t\t\t<div class=\"elementor-widget-wrap elementor-element-populated\">\n\t\t\t\t\t\t<div class=\"elementor-element elementor-element-237c308 elementor-widget elementor-widget-text-editor\" data-id=\"237c308\" data-element_type=\"widget\" data-e-type=\"widget\" data-widget_type=\"text-editor.default\">\n\t\t\t\t<div class=\"elementor-widget-container\">\n\t\t\t\t\t\t\t\t\t<p style=\"text-align: justify;\">El\u00a0 pl\u00e1stico es usado en m\u00faltiples aplicaciones industriales o de decoraci\u00f3n gracias a sus caracter\u00edsticas t\u00e9cnicas y decorativas.<\/p><p style=\"text-align: justify;\">Los materiales pl\u00e1sticos poseen una gran cantidad de caracter\u00edsticas que les diferencian de otros materiales como la madera, hierro, aluminio etc.. y que les hacen \u00fanicos como es que ni se oxidan ni se corrompen con la humedad, son extraordinariamente higi\u00e9nicos al no ser materia org\u00e1nica no anidan bacterias lo que le hace ser usado en \u00e1reas de higiene como hospitales, laboratorios, cocinas, etc., son muy resistentes al uso, son ligeros, pueden ser transparentes y de colores, no se abollan y cada uno tiene sus propias caracter\u00edsticas que le hacen \u00fanico como su resistencia a los qu\u00edmicos, flexibilidad, resistencia al impacto, etc.<\/p><p style=\"text-align: justify;\">En decoraci\u00f3n los materiales pl\u00e1sticos se usan por su transparencia, por la gran gama de colores texturas y acabados, las grandes posibilidades de manipulaci\u00f3n como son los cortes, pliegues, uniones, taladros,&#8230; adem\u00e1s de su espectacular efecto en combinaci\u00f3n con la luz natural o artificial.<\/p><p style=\"text-align: left;\">En definitiva somos los carpinteros del pl\u00e1stico.<\/p><p style=\"text-align: left;\">La mayor\u00eda se suministran en placas , tubos y barras de diferentes formas, cuadradas, triangulares, redondas&#8230;.<\/p><p style=\"text-align: left;\">Encuentra cual es el que mejor se adapta a tu necesidad y nosotros lo procesaremos para darle la forma que necesitas.<\/p><p style=\"text-align: left;\"><a title=\"METACRILATO\" href=\"https:\/\/www.sumplastecnic.es\/plasticos-personalizados\/metacrilato\/\">METACRILATO<\/a><br \/><a title=\"Policarbonato\" href=\"https:\/\/www.sumplastecnic.es\/plasticos-personalizados\/slider\/policarbonato-industria\/\">POLICARBONATO COMPACTO<\/a><br \/><a title=\"BENCORE\" href=\"https:\/\/www.sumplastecnic.es\/plasticos-personalizados\/bencore\/\">BENCORE<\/a><br \/><a title=\"POLIETILENO ALTA DENSIDAD\" href=\"https:\/\/www.sumplastecnic.es\/plasticos-personalizados\/polietileno\/\">POLIETILENO ALTA DENSIDAD<\/a><br \/><a title=\"PVC\" href=\"https:\/\/www.sumplastecnic.es\/plasticos-personalizados\/pvc\/\">PVC<\/a><\/p>\t\t\t\t\t\t\t\t<\/div>\n\t\t\t\t<\/div>\n\t\t\t\t\t<\/div>\n\t\t<\/div>\n\t\t\t\t\t<\/div>\n\t\t<\/section>\n\t\t\t\t<section class=\"elementor-section elementor-top-section elementor-element elementor-element-c292bbf elementor-section-boxed elementor-section-height-default elementor-section-height-default\" data-id=\"c292bbf\" data-element_type=\"section\" data-e-type=\"section\">\n\t\t\t\t\t\t<div class=\"elementor-container elementor-column-gap-default\">\n\t\t\t\t\t<div class=\"elementor-column elementor-col-100 elementor-top-column elementor-element elementor-element-b13fb9b\" data-id=\"b13fb9b\" data-element_type=\"column\" data-e-type=\"column\">\n\t\t\t<div class=\"elementor-widget-wrap elementor-element-populated\">\n\t\t\t\t\t\t<div class=\"elementor-element elementor-element-2d77c48 elementor-widget elementor-widget-spacer\" data-id=\"2d77c48\" data-element_type=\"widget\" data-e-type=\"widget\" data-widget_type=\"spacer.default\">\n\t\t\t\t<div class=\"elementor-widget-container\">\n\t\t\t\t\t\t\t<div class=\"elementor-spacer\">\n\t\t\t<div class=\"elementor-spacer-inner\"><\/div>\n\t\t<\/div>\n\t\t\t\t\t\t<\/div>\n\t\t\t\t<\/div>\n\t\t\t\t\t<\/div>\n\t\t<\/div>\n\t\t\t\t\t<\/div>\n\t\t<\/section>\n\t\t\t\t<\/div>\n\t\t","protected":false},"excerpt":{"rendered":"<p>MATERIA PL\u00c1STICA El\u00a0 pl\u00e1stico es usado en m\u00faltiples aplicaciones industriales o de decoraci\u00f3n gracias a sus caracter\u00edsticas t\u00e9cnicas y decorativas. Los materiales pl\u00e1sticos poseen una gran cantidad de caracter\u00edsticas que les diferencian de otros materiales como la madera, hierro, aluminio etc.. y que les hacen \u00fanicos como es que ni se oxidan ni se corrompen [&hellip;]<\/p>\n","protected":false},"author":2,"featured_media":0,"parent":0,"menu_order":0,"comment_status":"closed","ping_status":"closed","template":"elementor_header_footer","meta":{"site-sidebar-layout":"no-sidebar","site-content-layout":"plain-container","ast-site-content-layout":"default","site-content-style":"default","site-sidebar-style":"default","ast-global-header-display":"","ast-banner-title-visibility":"","ast-main-header-display":"","ast-hfb-above-header-display":"","ast-hfb-below-header-display":"","ast-hfb-mobile-header-display":"","site-post-title":"","ast-breadcrumbs-content":"","ast-featured-img":"","footer-sml-layout":"","ast-disable-related-posts":"","theme-transparent-header-meta":"default","adv-header-id-meta":"","stick-header-meta":"","header-above-stick-meta":"","header-main-stick-meta":"","header-below-stick-meta":"","astra-migrate-meta-layouts":"default","ast-page-background-enabled":"default","ast-page-background-meta":{"desktop":{"background-color":"","background-image":"","background-repeat":"repeat","background-position":"center center","background-size":"auto","background-attachment":"scroll","background-type":"","background-media":"","overlay-type":"","overlay-color":"","overlay-opacity":"","overlay-gradient":""},"tablet":{"background-color":"","background-image":"","background-repeat":"repeat","background-position":"center center","background-size":"auto","background-attachment":"scroll","background-type":"","background-media":"","overlay-type":"","overlay-color":"","overlay-opacity":"","overlay-gradient":""},"mobile":{"background-color":"","background-image":"","background-repeat":"repeat","background-position":"center center","background-size":"auto","background-attachment":"scroll","background-type":"","background-media":"","overlay-type":"","overlay-color":"","overlay-opacity":"","overlay-gradient":""}},"ast-content-background-meta":{"desktop":{"background-color":"var(--ast-global-color-5)","background-image":"","background-repeat":"repeat","background-position":"center center","background-size":"auto","background-attachment":"scroll","background-type":"","background-media":"","overlay-type":"","overlay-color":"","overlay-opacity":"","overlay-gradient":""},"tablet":{"background-color":"var(--ast-global-color-5)","background-image":"","background-repeat":"repeat","background-position":"center center","background-size":"auto","background-attachment":"scroll","background-type":"","background-media":"","overlay-type":"","overlay-color":"","overlay-opacity":"","overlay-gradient":""},"mobile":{"background-color":"var(--ast-global-color-5)","background-image":"","background-repeat":"repeat","background-position":"center center","background-size":"auto","background-attachment":"scroll","background-type":"","background-media":"","overlay-type":"","overlay-color":"","overlay-opacity":"","overlay-gradient":""}},"footnotes":""},"class_list":["post-189","page","type-page","status-publish","hentry"],"_links":{"self":[{"href":"https:\/\/www.sumplastecnic.es\/plasticos-personalizados\/wp-json\/wp\/v2\/pages\/189","targetHints":{"allow":["GET"]}}],"collection":[{"href":"https:\/\/www.sumplastecnic.es\/plasticos-personalizados\/wp-json\/wp\/v2\/pages"}],"about":[{"href":"https:\/\/www.sumplastecnic.es\/plasticos-personalizados\/wp-json\/wp\/v2\/types\/page"}],"author":[{"embeddable":true,"href":"https:\/\/www.sumplastecnic.es\/plasticos-personalizados\/wp-json\/wp\/v2\/users\/2"}],"replies":[{"embeddable":true,"href":"https:\/\/www.sumplastecnic.es\/plasticos-personalizados\/wp-json\/wp\/v2\/comments?post=189"}],"version-history":[{"count":47,"href":"https:\/\/www.sumplastecnic.es\/plasticos-personalizados\/wp-json\/wp\/v2\/pages\/189\/revisions"}],"predecessor-version":[{"id":1904,"href":"https:\/\/www.sumplastecnic.es\/plasticos-personalizados\/wp-json\/wp\/v2\/pages\/189\/revisions\/1904"}],"wp:attachment":[{"href":"https:\/\/www.sumplastecnic.es\/plasticos-personalizados\/wp-json\/wp\/v2\/media?parent=189"}],"curies":[{"name":"wp","href":"https:\/\/api.w.org\/{rel}","templated":true}]}}